{"id":811,"date":"2018-07-26T22:47:14","date_gmt":"2018-07-26T22:47:14","guid":{"rendered":"https:\/\/phoenix.madebysuperfly.com\/?page_id=1710"},"modified":"2025-06-05T04:10:57","modified_gmt":"2025-06-05T02:10:57","slug":"blog","status":"publish","type":"page","link":"https:\/\/blog.powertex-stoneart.de\/?page_id=811","title":{"rendered":"Blog"},"content":{"rendered":"<p>[et_pb_section fb_built=&#8220;1&#8243; fullwidth=&#8220;on&#8220; admin_label=&#8220;Interior Hero&#8220; module_class=&#8220;sfly_interior_hero_1 sfly_marketing&#8220; _builder_version=&#8220;4.21.0&#8243; background_color=&#8220;RGBA(255,255,255,0)&#8220; background_image=&#8220;https:\/\/blog.powertex-stoneart.de\/wp-content\/uploads\/2022\/06\/14344234_1777147635831269_375328352521968313_n.jpg&#8220; background_repeat=&#8220;repeat&#8220; background_blend=&#8220;difference&#8220; width=&#8220;100%&#8220; max_width=&#8220;100%&#8220; height=&#8220;987px&#8220; max_height=&#8220;273px&#8220; animation_style=&#8220;slide&#8220; saved_tabs=&#8220;all&#8220; locked=&#8220;off&#8220; global_colors_info=&#8220;{}&#8220;][et_pb_fullwidth_header title=&#8220;Blog&#8220; text_orientation=&#8220;center&#8220; background_overlay_color=&#8220;rgba(18,21,22,0.5)&#8220; module_class=&#8220;sfly_fullwidth_header&#8220; _builder_version=&#8220;4.21.0&#8243; title_level=&#8220;h4&#8243; title_font=&#8220;|700|||||||&#8220; title_font_size=&#8220;48px&#8220; content_font=&#8220;||||||||&#8220; content_font_size=&#8220;18px&#8220; subhead_font=&#8220;||||||||&#8220; background_image=&#8220;https:\/\/blog.powertex-stoneart.de\/wp-content\/uploads\/2022\/06\/collage.jpg&#8220; custom_button_one=&#8220;on&#8220; button_one_text_color=&#8220;#000000&#8243; button_one_bg_color=&#8220;#ffffff&#8220; button_one_border_color=&#8220;#ffffff&#8220; button_one_font=&#8220;|700|||||||&#8220; button_one_use_icon=&#8220;off&#8220; custom_button_two=&#8220;on&#8220; button_two_font=&#8220;|700|||||||&#8220; button_two_use_icon=&#8220;off&#8220; custom_padding=&#8220;60px||50px||false&#8220; animation_style=&#8220;fade&#8220; title_font_size_tablet=&#8220;36px&#8220; title_font_size_phone=&#8220;24px&#8220; title_font_size_last_edited=&#8220;on|desktop&#8220; button_one_text_color_hover=&#8220;#ffffff&#8220; button_two_text_color_hover=&#8220;#ffffff&#8220; button_one_border_color_hover=&#8220;#ffffff&#8220; button_two_border_color_hover=&#8220;#ffffff&#8220; button_one_bg_color_hover=&#8220;rgba(255,255,255,0)&#8220; button_two_bg_color_hover=&#8220;rgba(0,0,0,0)&#8220; global_colors_info=&#8220;{}&#8220; button_one_text_size__hover_enabled=&#8220;off&#8220; button_two_text_size__hover_enabled=&#8220;off&#8220; button_one_text_color__hover_enabled=&#8220;on&#8220; button_one_text_color__hover=&#8220;#ffffff&#8220; button_two_text_color__hover_enabled=&#8220;on&#8220; button_two_text_color__hover=&#8220;#ffffff&#8220; button_one_border_width__hover_enabled=&#8220;off&#8220; button_two_border_width__hover_enabled=&#8220;off&#8220; button_one_border_color__hover_enabled=&#8220;on&#8220; button_one_border_color__hover=&#8220;#ffffff&#8220; button_two_border_color__hover_enabled=&#8220;on&#8220; button_two_border_color__hover=&#8220;#ffffff&#8220; button_one_border_radius__hover_enabled=&#8220;off&#8220; button_two_border_radius__hover_enabled=&#8220;off&#8220; button_one_letter_spacing__hover_enabled=&#8220;off&#8220; button_two_letter_spacing__hover_enabled=&#8220;off&#8220; button_one_bg_color__hover_enabled=&#8220;on&#8220; button_one_bg_color__hover=&#8220;rgba(255,255,255,0)&#8220; button_two_bg_color__hover_enabled=&#8220;on&#8220; button_two_bg_color__hover=&#8220;rgba(0,0,0,0)&#8220;]<\/p>\n<h6>News &amp; Updates<\/h6>\n<p>[\/et_pb_fullwidth_header][\/et_pb_section][et_pb_section fb_built=&#8220;1&#8243; admin_label=&#8220;Page Explanation&#8220; _builder_version=&#8220;4.17.4&#8243; background_color=&#8220;#f2f2f2&#8243; global_colors_info=&#8220;{}&#8220;][et_pb_row _builder_version=&#8220;4.16&#8243; custom_padding=&#8220;0px||0px||true&#8220; global_colors_info=&#8220;{}&#8220;][et_pb_column type=&#8220;4_4&#8243; _builder_version=&#8220;4.16&#8243; custom_padding=&#8220;|||&#8220; global_colors_info=&#8220;{}&#8220; custom_padding__hover=&#8220;|||&#8220;][et_pb_text quote_border_weight=&#8220;0px&#8220; quote_border_color=&#8220;rgba(0,0,0,0)&#8220; _builder_version=&#8220;4.21.0&#8243; text_font=&#8220;||||||||&#8220; link_font=&#8220;|100|||on|||#000000|&#8220; link_text_color=&#8220;#000000&#8243; quote_font=&#8220;Cormorant Garamond|700|||||||&#8220; quote_text_color=&#8220;#bf9e77&#8243; quote_line_height=&#8220;1.3em&#8220; header_font=&#8220;|700|||||||&#8220; header_2_font=&#8220;|700|||||||&#8220; header_3_font=&#8220;|700|||||||&#8220; header_3_text_color=&#8220;#000000&#8243; header_4_letter_spacing=&#8220;12px&#8220; header_5_font=&#8220;|300|||||||&#8220; header_5_text_color=&#8220;#bfbfbf&#8220; header_5_letter_spacing=&#8220;12px&#8220; header_6_font=&#8220;|700|||||||&#8220; header_6_letter_spacing=&#8220;12px&#8220; max_width=&#8220;600px&#8220; module_alignment=&#8220;center&#8220; custom_margin_tablet=&#8220;&#8220; custom_margin_phone=&#8220;&#8220; custom_margin_last_edited=&#8220;on|tablet&#8220; quote_font_size_tablet=&#8220;&#8220; quote_font_size_phone=&#8220;&#8220; quote_font_size_last_edited=&#8220;on|desktop&#8220; saved_tabs=&#8220;all&#8220; locked=&#8220;off&#8220; global_colors_info=&#8220;{}&#8220;]<\/p>\n<blockquote>\n<p>Willkommen in meinem Blog.<\/p>\n<\/blockquote>\n<p>Hallo und herzlich willkommen hier in unserem Blog. Hier haben wir die M\u00f6glichkeit \u00fcber alles rund um das Thema Powertex zu berichten. Nicht nur was es \u00fcber Deutschland zu berichten gibt, sondern auch \u00fcber meine internationalen Kollegen und Kolleginnen weltweit.<\/p>\n<p>&nbsp;<\/p>\n<p>[\/et_pb_text][\/et_pb_column][\/et_pb_row][\/et_pb_section][et_pb_section fb_built=&#8220;1&#8243; admin_label=&#8220;CTA 4&#8243; module_class=&#8220;sfly_cta sfly_cta_4 sfly_marketing&#8220; _builder_version=&#8220;4.17.4&#8243; background_color=&#8220;#000000&#8243; custom_padding=&#8220;0px||0px||true&#8220; locked=&#8220;off&#8220; global_colors_info=&#8220;{}&#8220;][et_pb_row use_custom_gutter=&#8220;on&#8220; gutter_width=&#8220;1&#8243; module_class=&#8220; et_pb_row_fullwidth&#8220; _builder_version=&#8220;4.16&#8243; width=&#8220;100%&#8220; width_tablet=&#8220;100%&#8220; width_phone=&#8220;100%&#8220; width_last_edited=&#8220;on|desktop&#8220; max_width=&#8220;100%&#8220; max_width_tablet=&#8220;100%&#8220; max_width_phone=&#8220;100%&#8220; max_width_last_edited=&#8220;on|desktop&#8220; custom_padding=&#8220;0px||0px||true&#8220; make_fullwidth=&#8220;on&#8220; global_colors_info=&#8220;{}&#8220;][et_pb_column type=&#8220;4_4&#8243; _builder_version=&#8220;4.16&#8243; custom_padding=&#8220;|||&#8220; global_colors_info=&#8220;{}&#8220; custom_padding__hover=&#8220;|||&#8220;][et_pb_text _builder_version=&#8220;4.21.0&#8243; text_font=&#8220;||||||||&#8220; header_font=&#8220;||||||||&#8220; header_3_font=&#8220;Pathway Gothic One|||on|||||&#8220; header_3_font_size=&#8220;36px&#8220; header_3_letter_spacing=&#8220;3px&#8220; text_orientation=&#8220;center&#8220; background_layout=&#8220;dark&#8220; custom_margin=&#8220;|||&#8220; custom_padding=&#8220;|||&#8220; global_colors_info=&#8220;{}&#8220;]<\/p>\n<h3><a href=\"https:\/\/besuperfly.com\/superfly-membership\/\" target=\"_blank\" rel=\"noopener\">\u00a0++\u00a0 Blog ++ Powertex ++ Weltweit <\/a><\/h3>\n<p>[\/et_pb_text][\/et_pb_column][\/et_pb_row][\/et_pb_section][et_pb_section fb_built=&#8220;1&#8243; admin_label=&#8220;Blog 1&#8243; module_class=&#8220;sfly_blog sfly_blog_1&#8243; _builder_version=&#8220;4.17.4&#8243; custom_padding=&#8220;|||&#8220; global_colors_info=&#8220;{}&#8220;][et_pb_row _builder_version=&#8220;4.16&#8243; custom_padding=&#8220;||0px|&#8220; global_colors_info=&#8220;{}&#8220;][et_pb_column type=&#8220;4_4&#8243; _builder_version=&#8220;4.16&#8243; custom_padding=&#8220;|||&#8220; global_colors_info=&#8220;{}&#8220; custom_padding__hover=&#8220;|||&#8220;][et_pb_blog fullwidth=&#8220;off&#8220; posts_number=&#8220;3&#8243; show_more=&#8220;on&#8220; show_author=&#8220;off&#8220; show_pagination=&#8220;off&#8220; use_overlay=&#8220;on&#8220; overlay_icon_color=&#8220;#ffffff&#8220; hover_overlay_color=&#8220;rgba(0,0,0,0.9)&#8220; hover_icon=&#8220;&#x4c;||divi||400&#8243; _builder_version=&#8220;4.19.4&#8243; header_font=&#8220;|700|||||||&#8220; header_font_size=&#8220;30px&#8220; meta_font=&#8220;Pathway Gothic One||||||||&#8220; meta_text_color=&#8220;#8c8c8c&#8220; meta_font_size=&#8220;16px&#8220; custom_margin=&#8220;|||&#8220; custom_padding=&#8220;|||&#8220; animation_style=&#8220;fade&#8220; header_font_size_tablet=&#8220;&#8220; header_font_size_phone=&#8220;24px&#8220; header_font_size_last_edited=&#8220;on|phone&#8220; meta_font_size_tablet=&#8220;&#8220; meta_font_size_phone=&#8220;14px&#8220; meta_font_size_last_edited=&#8220;on|phone&#8220; border_color_all=&#8220;#f2f2f2&#8243; border_radii_image=&#8220;off||||&#8220; box_shadow_style=&#8220;preset1&#8243; box_shadow_vertical=&#8220;0px&#8220; box_shadow_blur=&#8220;80px&#8220; box_shadow_color=&#8220;rgba(0,0,0,0.2)&#8220; global_colors_info=&#8220;{}&#8220;][\/et_pb_blog][et_pb_blog fullwidth=&#8220;off&#8220; posts_number=&#8220;3&#8243; show_more=&#8220;on&#8220; show_author=&#8220;off&#8220; show_pagination=&#8220;off&#8220; use_overlay=&#8220;on&#8220; overlay_icon_color=&#8220;#ffffff&#8220; hover_overlay_color=&#8220;rgba(0,0,0,0.9)&#8220; hover_icon=&#8220;&#x4c;||divi||400&#8243; _builder_version=&#8220;4.19.4&#8243; header_font=&#8220;|700|||||||&#8220; header_font_size=&#8220;30px&#8220; meta_font=&#8220;Pathway Gothic One||||||||&#8220; meta_text_color=&#8220;#8c8c8c&#8220; meta_font_size=&#8220;16px&#8220; custom_margin=&#8220;|||&#8220; custom_padding=&#8220;|||&#8220; animation_style=&#8220;fade&#8220; header_font_size_tablet=&#8220;&#8220; header_font_size_phone=&#8220;24px&#8220; header_font_size_last_edited=&#8220;on|phone&#8220; meta_font_size_tablet=&#8220;&#8220; meta_font_size_phone=&#8220;14px&#8220; meta_font_size_last_edited=&#8220;on|phone&#8220; border_color_all=&#8220;#f2f2f2&#8243; border_radii_image=&#8220;off||||&#8220; box_shadow_style=&#8220;preset1&#8243; box_shadow_vertical=&#8220;0px&#8220; box_shadow_blur=&#8220;80px&#8220; box_shadow_color=&#8220;rgba(0,0,0,0.2)&#8220; global_colors_info=&#8220;{}&#8220;][\/et_pb_blog][\/et_pb_column][\/et_pb_row][\/et_pb_section]<\/p>\n","protected":false},"excerpt":{"rendered":"<p>News &amp; Updates Willkommen in meinem Blog. Hallo und herzlich willkommen hier in unserem Blog. Hier haben wir die M\u00f6glichkeit \u00fcber alles rund um das Thema Powertex zu berichten. Nicht nur was es \u00fcber Deutschland zu berichten gibt, sondern auch \u00fcber meine internationalen Kollegen und Kolleginnen weltweit. &nbsp;\u00a0++\u00a0 Blog ++ Powertex ++ Weltweit<\/p>\n","protected":false},"author":2,"featured_media":1174,"parent":818,"menu_order":0,"comment_status":"closed","ping_status":"closed","template":"","meta":{"_et_pb_use_builder":"on","_et_pb_old_content":"","_et_gb_content_width":"","footnotes":""},"class_list":["post-811","page","type-page","status-publish","has-post-thumbnail","hentry"],"_links":{"self":[{"href":"https:\/\/blog.powertex-stoneart.de\/index.php?rest_route=\/wp\/v2\/pages\/811","targetHints":{"allow":["GET"]}}],"collection":[{"href":"https:\/\/blog.powertex-stoneart.de\/index.php?rest_route=\/wp\/v2\/pages"}],"about":[{"href":"https:\/\/blog.powertex-stoneart.de\/index.php?rest_route=\/wp\/v2\/types\/page"}],"author":[{"embeddable":true,"href":"https:\/\/blog.powertex-stoneart.de\/index.php?rest_route=\/wp\/v2\/users\/2"}],"replies":[{"embeddable":true,"href":"https:\/\/blog.powertex-stoneart.de\/index.php?rest_route=%2Fwp%2Fv2%2Fcomments&post=811"}],"version-history":[{"count":17,"href":"https:\/\/blog.powertex-stoneart.de\/index.php?rest_route=\/wp\/v2\/pages\/811\/revisions"}],"predecessor-version":[{"id":1645,"href":"https:\/\/blog.powertex-stoneart.de\/index.php?rest_route=\/wp\/v2\/pages\/811\/revisions\/1645"}],"up":[{"embeddable":true,"href":"https:\/\/blog.powertex-stoneart.de\/index.php?rest_route=\/wp\/v2\/pages\/818"}],"wp:featuredmedia":[{"embeddable":true,"href":"https:\/\/blog.powertex-stoneart.de\/index.php?rest_route=\/wp\/v2\/media\/1174"}],"wp:attachment":[{"href":"https:\/\/blog.powertex-stoneart.de\/index.php?rest_route=%2Fwp%2Fv2%2Fmedia&parent=811"}],"curies":[{"name":"wp","href":"https:\/\/api.w.org\/{rel}","templated":true}]}}